{"id":1399,"date":"2014-01-10T05:47:30","date_gmt":"2014-01-10T05:47:30","guid":{"rendered":"http:\/\/www.knscanada.com\/mission-vision\/"},"modified":"2020-07-17T13:48:32","modified_gmt":"2020-07-17T18:48:32","slug":"mission-vision","status":"publish","type":"page","link":"https:\/\/knscanada.com\/fr\/mission-vision\/","title":{"rendered":"La vision de la mission"},"content":{"rendered":"\n<p><strong>Mission de l&rsquo;entreprise: <\/strong>Fournir aux fournisseurs de soins de sant\u00e9 des technologies innovantes, de pointe et tr\u00e8s rentables ainsi qu&rsquo;un service in\u00e9gal\u00e9, \u00e0 temps et fiable pour les aider \u00e0 concentrer toute leur attention sur un diagnostic et un traitement plus rapides et pr\u00e9cis des maladies complexes et potentiellement mortelles.<\/p>\n\n\n\n<p><strong>Vision d&rsquo;entreprise: <\/strong>all\u00e9ger la douleur et la souffrance humaine, prolonger l&rsquo;esp\u00e9rance de vie et am\u00e9liorer la qualit\u00e9 de vie en aidant les prestataires de soins de sant\u00e9 \u00e0 disposer des bons outils dont ils ont besoin pour qu&rsquo;ils puissent fournir des soins de qualit\u00e9 et in\u00e9gal\u00e9s aux patients au juste co\u00fbt.<\/p>\n","protected":false},"excerpt":{"rendered":"<p>Mission de l&rsquo;entreprise: Fournir aux fournisseurs de soins de sant\u00e9 des technologies innovantes, de pointe et tr\u00e8s rentables ainsi qu&rsquo;un service in\u00e9gal\u00e9, \u00e0 temps et fiable pour les aider \u00e0 concentrer toute leur attention sur un diagnostic et un traitement plus rapides et pr\u00e9cis des maladies complexes et potentiellement mortelles. Vision d&rsquo;entreprise: all\u00e9ger la douleur &hellip; <a href=\"https:\/\/knscanada.com\/fr\/mission-vision\/\" class=\"more-link\">Continuer la lecture de<span class=\"screen-reader-text\"> \u00ab\u00a0La vision de la mission\u00a0\u00bb<\/span><\/a><\/p>\n","protected":false},"author":2,"featured_media":0,"parent":0,"menu_order":0,"comment_status":"closed","ping_status":"closed","template":"","meta":{"footnotes":""},"class_list":["post-1399","page","type-page","status-publish","hentry"],"_links":{"self":[{"href":"https:\/\/knscanada.com\/fr\/wp-json\/wp\/v2\/pages\/1399","targetHints":{"allow":["GET"]}}],"collection":[{"href":"https:\/\/knscanada.com\/fr\/wp-json\/wp\/v2\/pages"}],"about":[{"href":"https:\/\/knscanada.com\/fr\/wp-json\/wp\/v2\/types\/page"}],"author":[{"embeddable":true,"href":"https:\/\/knscanada.com\/fr\/wp-json\/wp\/v2\/users\/2"}],"replies":[{"embeddable":true,"href":"https:\/\/knscanada.com\/fr\/wp-json\/wp\/v2\/comments?post=1399"}],"version-history":[{"count":1,"href":"https:\/\/knscanada.com\/fr\/wp-json\/wp\/v2\/pages\/1399\/revisions"}],"predecessor-version":[{"id":1400,"href":"https:\/\/knscanada.com\/fr\/wp-json\/wp\/v2\/pages\/1399\/revisions\/1400"}],"wp:attachment":[{"href":"https:\/\/knscanada.com\/fr\/wp-json\/wp\/v2\/media?parent=1399"}],"curies":[{"name":"wp","href":"https:\/\/api.w.org\/{rel}","templated":true}]}}