{"id":1396,"date":"2014-01-10T05:36:55","date_gmt":"2014-01-10T05:36:55","guid":{"rendered":"http:\/\/www.knscanada.com\/history\/"},"modified":"2022-09-30T09:59:33","modified_gmt":"2022-09-30T14:59:33","slug":"history","status":"publish","type":"page","link":"https:\/\/knscanada.com\/fr\/history\/","title":{"rendered":"Histoire"},"content":{"rendered":"\n<h4 class=\"wp-block-heading\">Histoire de KNS Canada Inc.<\/h4>\n\n\n\n<p>KNS Canada Inc. est une soci\u00e9t\u00e9 anonyme fond\u00e9e en 2002. La soci\u00e9t\u00e9 se compose de professionnels de l\u2019ing\u00e9nierie et de la sant\u00e9 avec de nombreuses ann\u00e9es d\u2019exp\u00e9rience mondiale dans l\u2019industrie des soins de sant\u00e9.<\/p>\n\n\n\n<p>KNS Canada a lanc\u00e9 pour la premi\u00e8re fois ses activit\u00e9s commerciales \u00e0 l\u2019exportation de produits de pipelines de gaz et d\u2019architecture en Asie-Pacifique. L\u2019entreprise a r\u00e9alis\u00e9 avec succ\u00e8s plusieurs projets hospitaliers de grande envergure \u00e0 travers l\u2019Asie; notamment aux Philippines, en Inde, au Bangladesh, au Vietnam et en Tha\u00eflande.<\/p>\n\n\n\n<p>En 2004, KNS Canada a lanc\u00e9 la premi\u00e8re th\u00e9rapie de dialyse h\u00e9patique du genre au Canada.<\/p>\n\n\n\n<h4 class=\"wp-block-heading\">Division m\u00e9dicale<\/h4>\n\n\n\n<p>\u00c0 l\u2019heure actuelle, KNS Canada et ses partenaires introduisent plusieurs solutions novatrices et de pointe pour le diagnostic non invasif du foie et la th\u00e9rapie de soutien du foie au Canada et au Bangladesh.<\/p>\n\n\n\n<p>KNS Canada offre des produits et des services qui couvrent deux grands domaines de soins m\u00e9dicaux : l\u2019h\u00e9patologie et la gastroent\u00e9rologie. KNS Canada repr\u00e9sente les fabricants de technologies m\u00e9dicales suivants sur le march\u00e9 canadien et bangladais :<\/p>\n\n\n\n<ul class=\"wp-block-list\"><li>Echosens: fabricant de FibroScan\u00ae dispositif de diagnostic du foie non invasif et fibrom\u00e8tre\u2122<\/li><li>OraSure Technologies Inc: fabricants d\u2019OraQuick\u00ae point de soins du VHC<\/li><\/ul>\n","protected":false},"excerpt":{"rendered":"<p>Histoire de KNS Canada Inc. KNS Canada Inc. est une soci\u00e9t\u00e9 anonyme fond\u00e9e en 2002. La soci\u00e9t\u00e9 se compose de professionnels de l\u2019ing\u00e9nierie et de la sant\u00e9 avec de nombreuses ann\u00e9es d\u2019exp\u00e9rience mondiale dans l\u2019industrie des soins de sant\u00e9. KNS Canada a lanc\u00e9 pour la premi\u00e8re fois ses activit\u00e9s commerciales \u00e0 l\u2019exportation de produits de &hellip; <a href=\"https:\/\/knscanada.com\/fr\/history\/\" class=\"more-link\">Continuer la lecture de<span class=\"screen-reader-text\"> \u00ab\u00a0Histoire\u00a0\u00bb<\/span><\/a><\/p>\n","protected":false},"author":2,"featured_media":0,"parent":0,"menu_order":0,"comment_status":"closed","ping_status":"closed","template":"","meta":{"footnotes":""},"class_list":["post-1396","page","type-page","status-publish","hentry"],"_links":{"self":[{"href":"https:\/\/knscanada.com\/fr\/wp-json\/wp\/v2\/pages\/1396","targetHints":{"allow":["GET"]}}],"collection":[{"href":"https:\/\/knscanada.com\/fr\/wp-json\/wp\/v2\/pages"}],"about":[{"href":"https:\/\/knscanada.com\/fr\/wp-json\/wp\/v2\/types\/page"}],"author":[{"embeddable":true,"href":"https:\/\/knscanada.com\/fr\/wp-json\/wp\/v2\/users\/2"}],"replies":[{"embeddable":true,"href":"https:\/\/knscanada.com\/fr\/wp-json\/wp\/v2\/comments?post=1396"}],"version-history":[{"count":10,"href":"https:\/\/knscanada.com\/fr\/wp-json\/wp\/v2\/pages\/1396\/revisions"}],"predecessor-version":[{"id":1471,"href":"https:\/\/knscanada.com\/fr\/wp-json\/wp\/v2\/pages\/1396\/revisions\/1471"}],"wp:attachment":[{"href":"https:\/\/knscanada.com\/fr\/wp-json\/wp\/v2\/media?parent=1396"}],"curies":[{"name":"wp","href":"https:\/\/api.w.org\/{rel}","templated":true}]}}