{"id":1383,"date":"2020-07-17T13:25:56","date_gmt":"2020-07-17T18:25:56","guid":{"rendered":"http:\/\/www.knscanada.com\/kns\/"},"modified":"2025-04-11T11:30:18","modified_gmt":"2025-04-11T15:30:18","slug":"kns","status":"publish","type":"page","link":"https:\/\/knscanada.com\/fr\/","title":{"rendered":"KNS"},"content":{"rendered":"\n<div style=\"height:55px\" aria-hidden=\"true\" class=\"wp-block-spacer\"><\/div>\n\n\n\n<div class=\"wp-block-columns is-layout-flex wp-container-core-columns-is-layout-9d6595d7 wp-block-columns-is-layout-flex\">\n<div class=\"wp-block-column is-layout-flow wp-block-column-is-layout-flow\">\n<h3 class=\"wp-block-heading\"><b>Notre vision: <\/b><\/h3>\n\n\n\n<p>Nous aspirons \u00e0 \u00eatre reconnus comme un leader du march\u00e9 pour la fourniture de produits et de solutions de soins sp\u00e9cialis\u00e9s de pointe pour un diagnostic rapide, indolore et pr\u00e9cis des conditions m\u00e9dicales menant \u00e0 un traitement rapide, rentable et efficace des patients par les fournisseurs de soins de sant\u00e9.<\/p>\n<\/div>\n\n\n\n<div class=\"wp-block-column is-layout-flow wp-block-column-is-layout-flow\">\n<h3 class=\"wp-block-heading\"><b>Notre mission: <\/b><\/h3>\n\n\n\n<p>Reconnaissant l&rsquo;\u00e9volution de l&rsquo;environnement des soins de sant\u00e9, nous nous effor\u00e7ons de prendre des mesures suppl\u00e9mentaires pour trouver des technologies de pointe de classe mondiale pour nos fournisseurs de soins de sant\u00e9 et les fournir par le biais d&rsquo;un groupe d&#8217;employ\u00e9s hautement professionnels qui se remettent constamment au d\u00e9fi de rechercher l&rsquo;excellence dans le soutien et le service \u00e0 la client\u00e8le.<\/p>\n<\/div>\n<\/div>\n\n\n\n<h3 class=\"wp-block-heading\">Nos valeurs:<\/h3>\n\n\n\n<ul class=\"wp-block-list\">\n<li>Agir comme une entreprise responsable et responsable \u00e0 laquelle font confiance les clients, les fournisseurs, les partenaires et la soci\u00e9t\u00e9: une entreprise pleinement responsable de ses actions.<\/li>\n\n\n\n<li>Offrir une gamme d\u00e9di\u00e9e de solutions de diagnostic non invasives sans douleur avec des performances et une qualit\u00e9 \u00e9lev\u00e9es<\/li>\n\n\n\n<li>Offrir des soins personnels \u00e0 nos clients<\/li>\n\n\n\n<li>Rechercher en permanence de nouveaux produits et solutions innovants pour nos clients.<\/li>\n<\/ul>\n\n\n\n<p><\/p>\n","protected":false},"excerpt":{"rendered":"<p>Notre vision: Nous aspirons \u00e0 \u00eatre reconnus comme un leader du march\u00e9 pour la fourniture de produits et de solutions de soins sp\u00e9cialis\u00e9s de pointe pour un diagnostic rapide, indolore et pr\u00e9cis des conditions m\u00e9dicales menant \u00e0 un traitement rapide, rentable et efficace des patients par les fournisseurs de soins de sant\u00e9. Notre mission: Reconnaissant &hellip; <a href=\"https:\/\/knscanada.com\/fr\/\" class=\"more-link\">Continuer la lecture de<span class=\"screen-reader-text\"> \u00ab\u00a0KNS\u00a0\u00bb<\/span><\/a><\/p>\n","protected":false},"author":2,"featured_media":0,"parent":0,"menu_order":0,"comment_status":"closed","ping_status":"closed","template":"template-homepage.php","meta":{"footnotes":""},"class_list":["post-1383","page","type-page","status-publish","hentry"],"_links":{"self":[{"href":"https:\/\/knscanada.com\/fr\/wp-json\/wp\/v2\/pages\/1383","targetHints":{"allow":["GET"]}}],"collection":[{"href":"https:\/\/knscanada.com\/fr\/wp-json\/wp\/v2\/pages"}],"about":[{"href":"https:\/\/knscanada.com\/fr\/wp-json\/wp\/v2\/types\/page"}],"author":[{"embeddable":true,"href":"https:\/\/knscanada.com\/fr\/wp-json\/wp\/v2\/users\/2"}],"replies":[{"embeddable":true,"href":"https:\/\/knscanada.com\/fr\/wp-json\/wp\/v2\/comments?post=1383"}],"version-history":[{"count":7,"href":"https:\/\/knscanada.com\/fr\/wp-json\/wp\/v2\/pages\/1383\/revisions"}],"predecessor-version":[{"id":1742,"href":"https:\/\/knscanada.com\/fr\/wp-json\/wp\/v2\/pages\/1383\/revisions\/1742"}],"wp:attachment":[{"href":"https:\/\/knscanada.com\/fr\/wp-json\/wp\/v2\/media?parent=1383"}],"curies":[{"name":"wp","href":"https:\/\/api.w.org\/{rel}","templated":true}]}}